{"id":1107,"date":"2022-03-04T00:13:20","date_gmt":"2022-03-03T23:13:20","guid":{"rendered":"http:\/\/art-by-g.art\/?page_id=1107"},"modified":"2023-01-14T12:15:54","modified_gmt":"2023-01-14T11:15:54","slug":"contemporary-artist-paris-guillaume-bailly-michels","status":"publish","type":"page","link":"https:\/\/art-by-g.art\/","title":{"rendered":"Contemporary Artist Paris Guillaume Bailly-Michels"},"content":{"rendered":"<p>[vc_row][vc_column width=\u00a0\u00bb1\/4&Prime;][vc_single_image image=\u00a0\u00bb926&Prime; el_class=\u00a0\u00bbimage-logo-gm\u00a0\u00bb][\/vc_column][vc_column width=\u00a0\u00bb3\/4&Prime;][vc_column_text el_class=\u00a0\u00bbtitre-homepage\u00a0\u00bb]<\/p>\n<h1 class=\"nom-artiste\" style=\"text-align: left;\">Guillaume Bailly-Michels<\/h1>\n<p>[\/vc_column_text][\/vc_column][\/vc_row][vc_row][vc_column width=\u00a0\u00bb1\/3&Prime;][\/vc_column][vc_column width=\u00a0\u00bb1\/3&Prime;][\/vc_column][vc_column width=\u00a0\u00bb1\/3&Prime;][vc_column_text]<\/p>\n<h3>FRANCE BASED<br \/>\nCONTEMPORARY ARTIST<\/h3>\n<p><img decoding=\"async\" loading=\"lazy\" class=\"alignleft wp-image-1109\" src=\"http:\/\/art-by-g.art\/wp-content\/uploads\/2022\/03\/arrow.jpeg\" alt=\"fleche_homepage\" width=\"50\" height=\"47\">[\/vc_column_text][\/vc_column][\/vc_row][vc_row][vc_column][vc_column_text]<\/p>\n<p><img decoding=\"async\" loading=\"lazy\" class=\"wp-image-1519 alignnone\" src=\"http:\/\/art-by-g.art\/wp-content\/uploads\/2023\/01\/new-header-img-1024x355-2-300x110.jpg\" alt=\"\" width=\"834\" height=\"306\" srcset=\"https:\/\/art-by-g.art\/wp-content\/uploads\/2023\/01\/new-header-img-1024x355-2-300x110.jpg 300w, https:\/\/art-by-g.art\/wp-content\/uploads\/2023\/01\/new-header-img-1024x355-2-768x283.jpg 768w, https:\/\/art-by-g.art\/wp-content\/uploads\/2023\/01\/new-header-img-1024x355-2.jpg 965w\" sizes=\"(max-width: 834px) 100vw, 834px\" \/><\/p>\n<h2>Bio<\/h2>\n<!-- \/wp:heading -->\n<p><!-- wp:paragraph -->Apr\u00e8s un passage par L&rsquo;\u00e9cole Duperr\u00e9 et Olivier de Serres, il \u00e9tudie le dessin de mani\u00e8re acad\u00e9mique dans les locaux de l\u2019ancienne Acad\u00e9mie Julian, rue du Dragon \u00e0 Paris dans le 6<sup>e<\/sup> arrondissement.<br \/>\nAssis sur des tabourets en fer o\u00f9 les Nabis, Marcel Duchamp ou Matisse ont pos\u00e9 leurs illustres s\u00e9ants, il apprend la rigueur du dessin classique. Il sort dipl\u00f4m\u00e9 de Penninghen en 1995 (mention tr\u00e8s bien &#8211; 2\u00e8me de promotion).<\/p>\n<!-- \/wp:paragraph -->\n<p><!-- wp:paragraph -->After passing through the Duperr\u00e9 school (75003 Paris) and Olivier de Serres (75015 Paris), he studied drawing academically in the premises of the former Acad\u00e9mie Julian, rue du Dragon in Paris in the 6th arrondissement.<br \/>\nSitting on iron stools where the Nabis, Marcel Duchamp or Matisse have placed their illustrious seated, he learns<br \/>\nthe rigor of classical drawing. He graduated from Penninghen in 1995 (very good honors &#8211; 2nd in the promotion).<\/p>\n<p><!-- \/wp:paragraph -->[\/vc_column_text][\/vc_column][\/vc_row]<\/p>\n","protected":false},"excerpt":{"rendered":"<p>[vc_row][vc_column width=\u00a0\u00bb1\/4&Prime;][vc_single_image image=\u00a0\u00bb926&Prime; el_class=\u00a0\u00bbimage-logo-gm\u00a0\u00bb][\/vc_column][vc_column width=\u00a0\u00bb3\/4&Prime;][vc_column_text el_class=\u00a0\u00bbtitre-homepage\u00a0\u00bb] Guillaume Bailly-Michels [\/vc_column_text][\/vc_column][\/vc_row][vc_row][vc_column width=\u00a0\u00bb1\/3&Prime;][\/vc_column][vc_column width=\u00a0\u00bb1\/3&Prime;][\/vc_column][vc_column width=\u00a0\u00bb1\/3&Prime;][vc_column_text] FRANCE BASED CONTEMPORARY ARTIST [\/vc_column_text][\/vc_column][\/vc_row][vc_row][vc_column][vc_column_text] Bio Apr\u00e8s un passage par L&rsquo;\u00e9cole Duperr\u00e9 et Olivier de Serres, il \u00e9tudie le dessin de mani\u00e8re acad\u00e9mique dans les locaux de l\u2019ancienne Acad\u00e9mie Julian, rue du Dragon \u00e0 Paris dans le 6e arrondissement. Assis sur des tabourets en fer o\u00f9 les Nabis, &#8230;<\/p>\n","protected":false},"author":1,"featured_media":0,"parent":0,"menu_order":0,"comment_status":"closed","ping_status":"closed","template":"","meta":[],"_links":{"self":[{"href":"https:\/\/art-by-g.art\/index.php?rest_route=\/wp\/v2\/pages\/1107"}],"collection":[{"href":"https:\/\/art-by-g.art\/index.php?rest_route=\/wp\/v2\/pages"}],"about":[{"href":"https:\/\/art-by-g.art\/index.php?rest_route=\/wp\/v2\/types\/page"}],"author":[{"embeddable":true,"href":"https:\/\/art-by-g.art\/index.php?rest_route=\/wp\/v2\/users\/1"}],"replies":[{"embeddable":true,"href":"https:\/\/art-by-g.art\/index.php?rest_route=%2Fwp%2Fv2%2Fcomments&post=1107"}],"version-history":[{"count":38,"href":"https:\/\/art-by-g.art\/index.php?rest_route=\/wp\/v2\/pages\/1107\/revisions"}],"predecessor-version":[{"id":1555,"href":"https:\/\/art-by-g.art\/index.php?rest_route=\/wp\/v2\/pages\/1107\/revisions\/1555"}],"wp:attachment":[{"href":"https:\/\/art-by-g.art\/index.php?rest_route=%2Fwp%2Fv2%2Fmedia&parent=1107"}],"curies":[{"name":"wp","href":"https:\/\/api.w.org\/{rel}","templated":true}]}}